{"id":1335,"date":"2020-10-21T20:01:51","date_gmt":"2020-10-21T23:01:51","guid":{"rendered":"https:\/\/medicosdecristo.com.br\/site\/?page_id=1335"},"modified":"2023-03-13T20:28:01","modified_gmt":"2023-03-13T23:28:01","slug":"publicacoes","status":"publish","type":"page","link":"https:\/\/medicosdecristo.com.br\/site\/publicacoes\/","title":{"rendered":"Publica\u00e7\u00f5es"},"content":{"rendered":"<h2>Publica\u00e7\u00f5es<\/h2>\n<ul>\n<li><a href=\"https:\/\/blogs.icmda.net\/category\/translations\/portuguese\/\" target=\"_blank\" rel=\"noopener noreferrer\">Tradu\u00e7\u00f5es dos artigos do ICMDA<\/a><\/li>\n<li><a href=\"https:\/\/icmda.net\/training\/books\/portuguese\/\" target=\"_blank\" rel=\"noopener noreferrer\">Livros em Portugu\u00eas<\/a><\/li>\n<li><a href=\"https:\/\/medicosdecristo.com.br\/site\/e-books-covid-19\/\" rel=\"noopener\">E-books COVID-19<\/a><\/li>\n<li><a href=\"https:\/\/acrobat.adobe.com\/link\/review?uri=urn:aaid:scds:US:833cb65c-0b7a-31c6-90ab-846c522ac9b0\" rel=\"noopener\" target=\"_blank\">Nota de Pactua\u00e7\u00e3o M\u00e9dicos de Cristo e Casa Nutri para a intensifica\u00e7\u00e3o do combate \u00e0 desnutri\u00e7\u00e3o infantil<\/a><\/li>\n<\/ul>\n","protected":false},"excerpt":{"rendered":"<p>Publica\u00e7\u00f5es Tradu\u00e7\u00f5es dos artigos do ICMDA Livros em Portugu\u00eas E-books COVID-19 Nota de Pactua\u00e7\u00e3o M\u00e9dicos de Cristo e Casa Nutri para a intensifica\u00e7\u00e3o do combate \u00e0<span class=\"excerpt-hellip\"> [\u2026]<\/span><\/p>\n","protected":false},"author":2,"featured_media":0,"parent":0,"menu_order":0,"comment_status":"closed","ping_status":"closed","template":"","meta":{"footnotes":""},"class_list":["post-1335","page","type-page","status-publish","hentry"],"_links":{"self":[{"href":"https:\/\/medicosdecristo.com.br\/site\/wp-json\/wp\/v2\/pages\/1335","targetHints":{"allow":["GET"]}}],"collection":[{"href":"https:\/\/medicosdecristo.com.br\/site\/wp-json\/wp\/v2\/pages"}],"about":[{"href":"https:\/\/medicosdecristo.com.br\/site\/wp-json\/wp\/v2\/types\/page"}],"author":[{"embeddable":true,"href":"https:\/\/medicosdecristo.com.br\/site\/wp-json\/wp\/v2\/users\/2"}],"replies":[{"embeddable":true,"href":"https:\/\/medicosdecristo.com.br\/site\/wp-json\/wp\/v2\/comments?post=1335"}],"version-history":[{"count":7,"href":"https:\/\/medicosdecristo.com.br\/site\/wp-json\/wp\/v2\/pages\/1335\/revisions"}],"predecessor-version":[{"id":1682,"href":"https:\/\/medicosdecristo.com.br\/site\/wp-json\/wp\/v2\/pages\/1335\/revisions\/1682"}],"wp:attachment":[{"href":"https:\/\/medicosdecristo.com.br\/site\/wp-json\/wp\/v2\/media?parent=1335"}],"curies":[{"name":"wp","href":"https:\/\/api.w.org\/{rel}","templated":true}]}}