{"id":1434,"date":"2021-06-19T20:58:39","date_gmt":"2021-06-19T23:58:39","guid":{"rendered":"https:\/\/medicosdecristo.com.br\/site\/?page_id=1434"},"modified":"2025-03-09T16:21:48","modified_gmt":"2025-03-09T19:21:48","slug":"gt-saline","status":"publish","type":"page","link":"https:\/\/medicosdecristo.com.br\/site\/gt-saline\/","title":{"rendered":"GT Saline (Desativado)"},"content":{"rendered":"<p>Esse GT foi transferido para dentro do <strong><a href=\"https:\/\/medicosdecristo.com.br\/site\/gt-treinamento\/\">GT de Treinamento<\/a><\/strong>.<\/p>\n<p>Treinamento para estudantes e profissionais de sa\u00fade crist\u00e3os serem testemunhas eficazes do amor de Jesus em seu local de atua\u00e7\u00e3o.<\/p>\n<p>Por isso buscamos:<\/p>\n<ul>\n<li>Organizar e realizar o treinamento internacional Saline Process, nas modalidades treinamento de testemunhas e de treinadores, com apoio dos Grupos Locais.<\/li>\n<li>Disponibilizar e realizar o treinamento &#8220;Crescendo juntos como testemunhas&#8221; sob orienta\u00e7\u00e3o de um facilitador, em continuidade ao treinamento Saline Process.<\/li>\n<li>Reunir representantes dos Grupos Locais que s\u00e3o treinadores e multiplicadores do Saline Process.<\/li>\n<li>Atender as demandas do treinamento internacional\u00a0 e dos treinamentos nacionais.<\/li>\n<li>Representar o MDC na Associa\u00e7\u00e3o Saline Internacional junto ao ICMDA e HCFI.<\/li>\n<li>Realizar reuni\u00f5es peri\u00f3dicas de trabalho entre os integrantes do GT.<\/li>\n<li>Participar de reuni\u00f5es de planejamento e monitoramento com a Diretoria<\/li>\n<\/ul>\n<p><strong>Coordenadora Nacional:<\/strong> Priscila Lemos Gon\u00e7alves\/ MDC Belo Horizonte &#8211; MG &#8211; E-mail: priscila.cd@gmail.com<\/p>\n<p><strong>Vice-coordenadora Nacional:<\/strong> Alessandra Faria de Fran\u00e7a Brasil\/ MDC Campinas &#8211; SP &#8211; E-mail: aleffbrasil@yahoo.com.br<\/p>\n","protected":false},"excerpt":{"rendered":"<p>Esse GT foi transferido para dentro do GT de Treinamento. Treinamento para estudantes e profissionais de sa\u00fade crist\u00e3os serem testemunhas eficazes do amor de Jesus em<span class=\"excerpt-hellip\"> [\u2026]<\/span><\/p>\n","protected":false},"author":2,"featured_media":0,"parent":0,"menu_order":0,"comment_status":"closed","ping_status":"closed","template":"","meta":{"footnotes":""},"class_list":["post-1434","page","type-page","status-publish","hentry"],"_links":{"self":[{"href":"https:\/\/medicosdecristo.com.br\/site\/wp-json\/wp\/v2\/pages\/1434","targetHints":{"allow":["GET"]}}],"collection":[{"href":"https:\/\/medicosdecristo.com.br\/site\/wp-json\/wp\/v2\/pages"}],"about":[{"href":"https:\/\/medicosdecristo.com.br\/site\/wp-json\/wp\/v2\/types\/page"}],"author":[{"embeddable":true,"href":"https:\/\/medicosdecristo.com.br\/site\/wp-json\/wp\/v2\/users\/2"}],"replies":[{"embeddable":true,"href":"https:\/\/medicosdecristo.com.br\/site\/wp-json\/wp\/v2\/comments?post=1434"}],"version-history":[{"count":6,"href":"https:\/\/medicosdecristo.com.br\/site\/wp-json\/wp\/v2\/pages\/1434\/revisions"}],"predecessor-version":[{"id":2079,"href":"https:\/\/medicosdecristo.com.br\/site\/wp-json\/wp\/v2\/pages\/1434\/revisions\/2079"}],"wp:attachment":[{"href":"https:\/\/medicosdecristo.com.br\/site\/wp-json\/wp\/v2\/media?parent=1434"}],"curies":[{"name":"wp","href":"https:\/\/api.w.org\/{rel}","templated":true}]}}