{"id":1864,"date":"2024-03-16T18:38:45","date_gmt":"2024-03-16T21:38:45","guid":{"rendered":"https:\/\/medicosdecristo.com.br\/site\/?p=1864"},"modified":"2024-08-13T19:40:36","modified_gmt":"2024-08-13T22:40:36","slug":"xiii-congresso-nacional-dos-medicos-de-cristo-e-iv-congresso-do-icmda-para-paises-de-lingua-portuguesa","status":"publish","type":"page","link":"https:\/\/medicosdecristo.com.br\/site\/xiii-congresso-nacional-dos-medicos-de-cristo-e-iv-congresso-do-icmda-para-paises-de-lingua-portuguesa\/","title":{"rendered":"XIII Congresso nacional dos M\u00e9dicos de Cristo e IV Congresso do ICMDA para pa\u00edses de l\u00edngua Portuguesa"},"content":{"rendered":"","protected":false},"excerpt":{"rendered":"","protected":false},"author":2,"featured_media":0,"parent":0,"menu_order":53,"comment_status":"closed","ping_status":"closed","template":"","meta":{"footnotes":""},"class_list":["post-1864","page","type-page","status-publish","hentry"],"_links":{"self":[{"href":"https:\/\/medicosdecristo.com.br\/site\/wp-json\/wp\/v2\/pages\/1864","targetHints":{"allow":["GET"]}}],"collection":[{"href":"https:\/\/medicosdecristo.com.br\/site\/wp-json\/wp\/v2\/pages"}],"about":[{"href":"https:\/\/medicosdecristo.com.br\/site\/wp-json\/wp\/v2\/types\/page"}],"author":[{"embeddable":true,"href":"https:\/\/medicosdecristo.com.br\/site\/wp-json\/wp\/v2\/users\/2"}],"replies":[{"embeddable":true,"href":"https:\/\/medicosdecristo.com.br\/site\/wp-json\/wp\/v2\/comments?post=1864"}],"version-history":[{"count":4,"href":"https:\/\/medicosdecristo.com.br\/site\/wp-json\/wp\/v2\/pages\/1864\/revisions"}],"predecessor-version":[{"id":1890,"href":"https:\/\/medicosdecristo.com.br\/site\/wp-json\/wp\/v2\/pages\/1864\/revisions\/1890"}],"wp:attachment":[{"href":"https:\/\/medicosdecristo.com.br\/site\/wp-json\/wp\/v2\/media?parent=1864"}],"curies":[{"name":"wp","href":"https:\/\/api.w.org\/{rel}","templated":true}]}}