{"id":191,"date":"2017-06-06T00:11:41","date_gmt":"2017-06-06T00:11:41","guid":{"rendered":"https:\/\/medicosdecristo.com.br\/site\/?page_id=191"},"modified":"2021-08-05T22:04:01","modified_gmt":"2021-08-06T01:04:01","slug":"o-que-e-o-mdc","status":"publish","type":"page","link":"https:\/\/medicosdecristo.com.br\/site\/o-que-e-o-mdc\/","title":{"rendered":"O que \u00e9 o MDC"},"content":{"rendered":"<p>M\u00e9dicos de Cristo (MDC) \u00e9 uma associa\u00e7\u00e3o formada por profissionais e estudantes crist\u00e3os evang\u00e9licos da \u00e1rea da sa\u00fade, que tem como principal objetivo a promo\u00e7\u00e3o da sa\u00fade integral, considerando o homem em suas dimens\u00f5es f\u00edsica, mental, espiritual e social. Buscando cumprir tais objetivos M\u00e9dicos de Cristo se apoia em 4 pilares:<\/p>\n<ul>\n<li><strong>Chamado:\u00a0<\/strong>Despertar estudantes e profissionais crist\u00e3os da \u00e1rea da sa\u00fade para o sentido vocacional de sua atua\u00e7\u00e3o, a servi\u00e7o do Reino de Deus, na pr\u00e1tica de uma assist\u00eancia integral \u00e0 sa\u00fade.<\/li>\n<li><strong>Comunh\u00e3o:\u00a0<\/strong>Promover a amizade e a coopera\u00e7\u00e3o entre estudantes e profissionais crist\u00e3os da \u00e1rea da sa\u00fade, por meio de encorajamento m\u00fatuo, ora\u00e7\u00e3o e aprendizado.<\/li>\n<li><strong>Capacita\u00e7\u00e3o:\u00a0<\/strong>Capacitar estudantes e profissionais crist\u00e3os da \u00e1rea da sa\u00fade para serem testemunhas de Cristo em todos seus campos de atua\u00e7\u00e3o.<\/li>\n<li><strong>Servi\u00e7o:\u00a0<\/strong>Contribuir com a sociedade em temas relacionados \u00e0 sa\u00fade, bem como apoiar e desenvolver projetos mission\u00e1rios no Brasil e no mundo, em parcerias com igrejas, ag\u00eancias e institui\u00e7\u00f5es que atuem especialmente em \u00e1reas de vulnerabilidade social.<\/li>\n<\/ul>\n<p>M\u00e9dicos de Cristo \u00e9 filiado ao ICMDA (International Christian Medical &amp; Dental Association), HCFI (Healthcare Christian Fellowship International) e RENAS (Rede Evang\u00e9lica Nacional de A\u00e7\u00e3o Social).<\/p>\n","protected":false},"excerpt":{"rendered":"<p>M\u00e9dicos de Cristo (MDC) \u00e9 uma associa\u00e7\u00e3o formada por profissionais e estudantes crist\u00e3os evang\u00e9licos da \u00e1rea da sa\u00fade, que tem como principal objetivo a promo\u00e7\u00e3o da<span class=\"excerpt-hellip\"> [\u2026]<\/span><\/p>\n","protected":false},"author":1,"featured_media":0,"parent":0,"menu_order":0,"comment_status":"closed","ping_status":"closed","template":"","meta":{"footnotes":""},"class_list":["post-191","page","type-page","status-publish","hentry"],"_links":{"self":[{"href":"https:\/\/medicosdecristo.com.br\/site\/wp-json\/wp\/v2\/pages\/191","targetHints":{"allow":["GET"]}}],"collection":[{"href":"https:\/\/medicosdecristo.com.br\/site\/wp-json\/wp\/v2\/pages"}],"about":[{"href":"https:\/\/medicosdecristo.com.br\/site\/wp-json\/wp\/v2\/types\/page"}],"author":[{"embeddable":true,"href":"https:\/\/medicosdecristo.com.br\/site\/wp-json\/wp\/v2\/users\/1"}],"replies":[{"embeddable":true,"href":"https:\/\/medicosdecristo.com.br\/site\/wp-json\/wp\/v2\/comments?post=191"}],"version-history":[{"count":8,"href":"https:\/\/medicosdecristo.com.br\/site\/wp-json\/wp\/v2\/pages\/191\/revisions"}],"predecessor-version":[{"id":1467,"href":"https:\/\/medicosdecristo.com.br\/site\/wp-json\/wp\/v2\/pages\/191\/revisions\/1467"}],"wp:attachment":[{"href":"https:\/\/medicosdecristo.com.br\/site\/wp-json\/wp\/v2\/media?parent=191"}],"curies":[{"name":"wp","href":"https:\/\/api.w.org\/{rel}","templated":true}]}}