{"id":2172,"date":"2025-12-16T20:10:23","date_gmt":"2025-12-16T23:10:23","guid":{"rendered":"https:\/\/medicosdecristo.com.br\/site\/?page_id=2172"},"modified":"2025-12-16T20:10:57","modified_gmt":"2025-12-16T23:10:57","slug":"gt-60","status":"publish","type":"page","link":"https:\/\/medicosdecristo.com.br\/site\/gt-60\/","title":{"rendered":"GT 60+"},"content":{"rendered":"<p>Como M\u00e9dicos de Cristo, desejamos continuar a servir a Deus com alegria, gratid\u00e3o e vigor renovado, experimentando a ben\u00e7\u00e3o de envelhecer na presen\u00e7a de Deus e em comunh\u00e3o com os irm\u00e3os.<br \/>\nMovidos por esse prop\u00f3sito buscamos:<\/p>\n<ul>\n<li>Inspirar os participantes a cuidarem de si mesmos e uns dos outros, reconhecendo que somos templo do Esp\u00edrito Santo.<\/li>\n<li>Motivar os membros da Associa\u00e7\u00e3o a estarem juntos \u2013 presencialmente ou virtualmente \u2013 promovendo a sa\u00fade integral nesta fase t\u00e3o preciosa do envelhecimento.<\/li>\n<li>Celebrar a vida com esperan\u00e7a no presente e no futuro, enfrentando os desafios da senesc\u00eancia com f\u00e9, coragem e alegria no Senhor.<\/li>\n<li>Promo\u00e7\u00e3o do di\u00e1logo intergeracional e mentoria de jovens l\u00edderes.<\/li>\n<li>Realizar reuni\u00f5es peri\u00f3dicas, buscando discernimento, sabedoria e unidade na miss\u00e3o que Deus nos confiou.<\/li>\n<li>Participar de reuni\u00f5es de planejamento e monitoramento com a Diretoria, sempre dependentes da dire\u00e7\u00e3o do Esp\u00edrito Santo.<\/li>\n<\/li>\n<\/ul>\n<\/ul>\n<p>Coordena\u00e7\u00e3o Nacional: Soraya C\u00e1ssia Ferreira Dias<br \/>\nVice-coordenador Nacional: Wilson Barbosa Bonfim Filho<\/p>\n","protected":false},"excerpt":{"rendered":"<p>Como M\u00e9dicos de Cristo, desejamos continuar a servir a Deus com alegria, gratid\u00e3o e vigor renovado, experimentando a ben\u00e7\u00e3o de envelhecer na presen\u00e7a de Deus e<span class=\"excerpt-hellip\"> [\u2026]<\/span><\/p>\n","protected":false},"author":2,"featured_media":0,"parent":0,"menu_order":0,"comment_status":"closed","ping_status":"closed","template":"","meta":{"footnotes":""},"class_list":["post-2172","page","type-page","status-publish","hentry"],"_links":{"self":[{"href":"https:\/\/medicosdecristo.com.br\/site\/wp-json\/wp\/v2\/pages\/2172","targetHints":{"allow":["GET"]}}],"collection":[{"href":"https:\/\/medicosdecristo.com.br\/site\/wp-json\/wp\/v2\/pages"}],"about":[{"href":"https:\/\/medicosdecristo.com.br\/site\/wp-json\/wp\/v2\/types\/page"}],"author":[{"embeddable":true,"href":"https:\/\/medicosdecristo.com.br\/site\/wp-json\/wp\/v2\/users\/2"}],"replies":[{"embeddable":true,"href":"https:\/\/medicosdecristo.com.br\/site\/wp-json\/wp\/v2\/comments?post=2172"}],"version-history":[{"count":2,"href":"https:\/\/medicosdecristo.com.br\/site\/wp-json\/wp\/v2\/pages\/2172\/revisions"}],"predecessor-version":[{"id":2174,"href":"https:\/\/medicosdecristo.com.br\/site\/wp-json\/wp\/v2\/pages\/2172\/revisions\/2174"}],"wp:attachment":[{"href":"https:\/\/medicosdecristo.com.br\/site\/wp-json\/wp\/v2\/media?parent=2172"}],"curies":[{"name":"wp","href":"https:\/\/api.w.org\/{rel}","templated":true}]}}