{"id":304,"date":"2017-06-13T18:40:23","date_gmt":"2017-06-13T18:40:23","guid":{"rendered":"https:\/\/medicosdecristo.com.br\/site\/?page_id=304"},"modified":"2026-03-17T21:13:22","modified_gmt":"2026-03-18T00:13:22","slug":"grupos-de-trabalho","status":"publish","type":"page","link":"https:\/\/medicosdecristo.com.br\/site\/grupos-de-trabalho\/","title":{"rendered":"Grupos de Trabalho"},"content":{"rendered":"<p>Os Grupos de Trabalhos (GTs) Nacionais s\u00e3o compostos por representantes dos Grupos Locais. O principal objetivo dos GTs Nacionais \u00e9 propor a\u00e7\u00f5es, iniciativas e projetos que ir\u00e3o fomentar tem\u00e1ticas espec\u00edficas nacional e localmente.<\/p>\n<p>Os GT,s Nacionais do M\u00e9dicos de Cristo s\u00e3o:<\/p>\n<ul>\n<li><a href=\"https:\/\/medicosdecristo.com.br\/site\/gt-oracao\/\">GT Ora\u00e7\u00e3o<\/a><\/li>\n<li><a href=\"https:\/\/medicosdecristo.com.br\/site\/gt-estudantil\/\">GT Estudantil<\/a><\/li>\n<li><a href=\"https:\/\/medicosdecristo.com.br\/site\/gt-missoes\/\">GT Miss\u00f5es<\/a><\/li>\n<li><a href=\"https:\/\/medicosdecristo.com.br\/site\/gt-comunicacao\/\">GT Comunica\u00e7\u00e3o<\/a><\/li>\n<li><a href=\"https:\/\/medicosdecristo.com.br\/site\/bioetica-2\/\">GT Bio\u00e9tica<\/a><\/li>\n<li><a href=\"https:\/\/medicosdecristo.com.br\/site\/gt-internacional\/\">GT Internacional<\/a><\/li>\n<li><a href=\"https:\/\/medicosdecristo.com.br\/site\/gt-treinamento\/\" rel=\"noopener\">GT Treinamento<\/a><\/li>\n<li><a href=\"https:\/\/medicosdecristo.com.br\/site\/gt-60\/\" rel=\"noopener\">GT 60+<\/a><\/li>\n<\/ul>\n","protected":false},"excerpt":{"rendered":"<p>Os Grupos de Trabalhos (GTs) Nacionais s\u00e3o compostos por representantes dos Grupos Locais. O principal objetivo dos GTs Nacionais \u00e9 propor a\u00e7\u00f5es, iniciativas e projetos que<span class=\"excerpt-hellip\"> [\u2026]<\/span><\/p>\n","protected":false},"author":1,"featured_media":0,"parent":0,"menu_order":0,"comment_status":"closed","ping_status":"closed","template":"","meta":{"footnotes":""},"class_list":["post-304","page","type-page","status-publish","hentry"],"_links":{"self":[{"href":"https:\/\/medicosdecristo.com.br\/site\/wp-json\/wp\/v2\/pages\/304","targetHints":{"allow":["GET"]}}],"collection":[{"href":"https:\/\/medicosdecristo.com.br\/site\/wp-json\/wp\/v2\/pages"}],"about":[{"href":"https:\/\/medicosdecristo.com.br\/site\/wp-json\/wp\/v2\/types\/page"}],"author":[{"embeddable":true,"href":"https:\/\/medicosdecristo.com.br\/site\/wp-json\/wp\/v2\/users\/1"}],"replies":[{"embeddable":true,"href":"https:\/\/medicosdecristo.com.br\/site\/wp-json\/wp\/v2\/comments?post=304"}],"version-history":[{"count":12,"href":"https:\/\/medicosdecristo.com.br\/site\/wp-json\/wp\/v2\/pages\/304\/revisions"}],"predecessor-version":[{"id":2196,"href":"https:\/\/medicosdecristo.com.br\/site\/wp-json\/wp\/v2\/pages\/304\/revisions\/2196"}],"wp:attachment":[{"href":"https:\/\/medicosdecristo.com.br\/site\/wp-json\/wp\/v2\/media?parent=304"}],"curies":[{"name":"wp","href":"https:\/\/api.w.org\/{rel}","templated":true}]}}