{"id":306,"date":"2017-06-13T18:42:29","date_gmt":"2017-06-13T18:42:29","guid":{"rendered":"https:\/\/medicosdecristo.com.br\/site\/?page_id=306"},"modified":"2025-03-04T14:17:28","modified_gmt":"2025-03-04T17:17:28","slug":"gt-oracao","status":"publish","type":"page","link":"https:\/\/medicosdecristo.com.br\/site\/gt-oracao\/","title":{"rendered":"GT Ora\u00e7\u00e3o"},"content":{"rendered":"<p>A ora\u00e7\u00e3o \u00e9 um instrumento fundamental e expressa nossa confian\u00e7a e depend\u00eancia de Deus.<\/p>\n<p>Por isso buscamos:<\/p>\n<ul>\n<li>Orar pela miss\u00e3o, vis\u00e3o, princ\u00edpios e valores, e pelo crescimento do M\u00e9dicos de Cristo.<\/li>\n<li>Orar pela Coordena\u00e7\u00e3o Nacional e demais participantes do M\u00e9dicos de Cristo.<\/li>\n<li>Estimular os participantes da Associa\u00e7\u00e3o a desenvolver uma vida de ora\u00e7\u00e3o.<\/li>\n<li>Promover campanhas de jejum e ora\u00e7\u00e3o buscando envolver todos os participantes da Associa\u00e7\u00e3o.<\/li>\n<li>Realizar reuni\u00f5es peri\u00f3dicas de trabalho entre os integrantes do GT.<\/li>\n<li>Participar de reuni\u00f5es de planejamento e monitoramento com a Diretoria.<\/li>\n<\/ul>\n<p><strong>Coordenadora Nacional:<\/strong> Mirna dos Santos<\/p>\n<p><strong>Vice- coordenadora Nacional:<\/strong> Dan Nakamura<\/p>\n","protected":false},"excerpt":{"rendered":"<p>A ora\u00e7\u00e3o \u00e9 um instrumento fundamental e expressa nossa confian\u00e7a e depend\u00eancia de Deus. Por isso buscamos: Orar pela miss\u00e3o, vis\u00e3o, princ\u00edpios e valores, e pelo<span class=\"excerpt-hellip\"> [\u2026]<\/span><\/p>\n","protected":false},"author":1,"featured_media":0,"parent":0,"menu_order":0,"comment_status":"closed","ping_status":"closed","template":"","meta":{"footnotes":""},"class_list":["post-306","page","type-page","status-publish","hentry"],"_links":{"self":[{"href":"https:\/\/medicosdecristo.com.br\/site\/wp-json\/wp\/v2\/pages\/306","targetHints":{"allow":["GET"]}}],"collection":[{"href":"https:\/\/medicosdecristo.com.br\/site\/wp-json\/wp\/v2\/pages"}],"about":[{"href":"https:\/\/medicosdecristo.com.br\/site\/wp-json\/wp\/v2\/types\/page"}],"author":[{"embeddable":true,"href":"https:\/\/medicosdecristo.com.br\/site\/wp-json\/wp\/v2\/users\/1"}],"replies":[{"embeddable":true,"href":"https:\/\/medicosdecristo.com.br\/site\/wp-json\/wp\/v2\/comments?post=306"}],"version-history":[{"count":6,"href":"https:\/\/medicosdecristo.com.br\/site\/wp-json\/wp\/v2\/pages\/306\/revisions"}],"predecessor-version":[{"id":2064,"href":"https:\/\/medicosdecristo.com.br\/site\/wp-json\/wp\/v2\/pages\/306\/revisions\/2064"}],"wp:attachment":[{"href":"https:\/\/medicosdecristo.com.br\/site\/wp-json\/wp\/v2\/media?parent=306"}],"curies":[{"name":"wp","href":"https:\/\/api.w.org\/{rel}","templated":true}]}}