{"id":308,"date":"2017-06-13T18:43:15","date_gmt":"2017-06-13T18:43:15","guid":{"rendered":"https:\/\/medicosdecristo.com.br\/site\/?page_id=308"},"modified":"2025-03-04T14:20:05","modified_gmt":"2025-03-04T17:20:05","slug":"gt-estudantil","status":"publish","type":"page","link":"https:\/\/medicosdecristo.com.br\/site\/gt-estudantil\/","title":{"rendered":"GT Estudantil"},"content":{"rendered":"<p>Estudantes e profissionais com at\u00e9 cinco anos de formados s\u00e3o fundamentais para o futuro do M\u00e9dicos de Cristo.<\/p>\n<p>Por isso buscamos:<\/p>\n<ul>\n<li>Promover integra\u00e7\u00e3o entre estudantes e profissionais da \u00e1rea da sa\u00fade, visando disponibilizar mentoria, capacita\u00e7\u00e3o e treinamento em servi\u00e7o durante a\u00e7\u00f5es sociais e mission\u00e1rias.<\/li>\n<li>Capacitar os representantes estudantis para a mobiliza\u00e7\u00e3o e a articula\u00e7\u00e3o dos estudantes dos Grupos Locais.<\/li>\n<li>Estimular os representantes a mapearem os grupos crist\u00e3os das faculdades de sua cidade, com apoio do Grupo Local, objetivando estabelecimento de parcerias e m\u00fatua coopera\u00e7\u00e3o.<\/li>\n<li>Promover encontros presenciais e virtuais entre os estudantes.<\/li>\n<li>Realizar reuni\u00f5es peri\u00f3dicas de trabalho entre os integrantes do GT.<\/li>\n<li>Participar de reuni\u00f5es de planejamento e monitoramento com a Diretoria.<\/li>\n<\/ul>\n<p><strong>Coordenador Nacional: <\/strong>Arthur Bebiano<\/p>\n<p><strong>Vice-coordenador Nacional: <\/strong>Artur Matos<\/p>\n<p><strong>Contato:\u00a0 <\/strong><a href=\"mailto:estudantil@medicosdecristo.com.br\">estudantil@medicosdecristo.com.br<\/a><\/p>\n","protected":false},"excerpt":{"rendered":"<p>Estudantes e profissionais com at\u00e9 cinco anos de formados s\u00e3o fundamentais para o futuro do M\u00e9dicos de Cristo. Por isso buscamos: Promover integra\u00e7\u00e3o entre estudantes e<span class=\"excerpt-hellip\"> [\u2026]<\/span><\/p>\n","protected":false},"author":1,"featured_media":0,"parent":0,"menu_order":0,"comment_status":"closed","ping_status":"closed","template":"","meta":{"footnotes":""},"class_list":["post-308","page","type-page","status-publish","hentry"],"_links":{"self":[{"href":"https:\/\/medicosdecristo.com.br\/site\/wp-json\/wp\/v2\/pages\/308","targetHints":{"allow":["GET"]}}],"collection":[{"href":"https:\/\/medicosdecristo.com.br\/site\/wp-json\/wp\/v2\/pages"}],"about":[{"href":"https:\/\/medicosdecristo.com.br\/site\/wp-json\/wp\/v2\/types\/page"}],"author":[{"embeddable":true,"href":"https:\/\/medicosdecristo.com.br\/site\/wp-json\/wp\/v2\/users\/1"}],"replies":[{"embeddable":true,"href":"https:\/\/medicosdecristo.com.br\/site\/wp-json\/wp\/v2\/comments?post=308"}],"version-history":[{"count":13,"href":"https:\/\/medicosdecristo.com.br\/site\/wp-json\/wp\/v2\/pages\/308\/revisions"}],"predecessor-version":[{"id":2066,"href":"https:\/\/medicosdecristo.com.br\/site\/wp-json\/wp\/v2\/pages\/308\/revisions\/2066"}],"wp:attachment":[{"href":"https:\/\/medicosdecristo.com.br\/site\/wp-json\/wp\/v2\/media?parent=308"}],"curies":[{"name":"wp","href":"https:\/\/api.w.org\/{rel}","templated":true}]}}