{"id":310,"date":"2017-06-13T18:43:43","date_gmt":"2017-06-13T18:43:43","guid":{"rendered":"https:\/\/medicosdecristo.com.br\/site\/?page_id=310"},"modified":"2025-03-04T14:21:30","modified_gmt":"2025-03-04T17:21:30","slug":"gt-missoes","status":"publish","type":"page","link":"https:\/\/medicosdecristo.com.br\/site\/gt-missoes\/","title":{"rendered":"GT Miss\u00f5es"},"content":{"rendered":"<p>Deus nos chama para servir, sendo instrumentos nas m\u00e3os do M\u00e9dico dos m\u00e9dicos.<\/p>\n<p>Por isso buscamos:<\/p>\n<ul>\n<li>Apoiar e desenvolver projetos com igrejas e organiza\u00e7\u00f5es parceiras nacionais e internacionais.<\/li>\n<li>Desenvolver projetos de promo\u00e7\u00e3o da sa\u00fade especialmente voltados para popula\u00e7\u00e3o em vulnerabilidade social.<\/li>\n<li>Divulgar iniciativas ou oportunidades de servir.<\/li>\n<li>Conectar as ag\u00eancias mission\u00e1rias parceiras com os estudantes e profissionais da sa\u00fade do MDC.<\/li>\n<li>Realizar reuni\u00f5es peri\u00f3dicas de trabalho entre os integrantes do GT.<\/li>\n<li>Participar de reuni\u00f5es de planejamento e monitoramento com a Diretoria.<\/li>\n<\/ul>\n<p><strong>Coordenadora Nacional:<\/strong> Marta L.P.P. de Carvalho\/ MDC S\u00e3o Jos\u00e9 dos Campos &#8211; SP<\/p>\n<p><strong>Vice-coordenadora Nacional:<\/strong> Sofia\u00a0Tolentino<\/p>\n<p><strong>Contato: <\/strong>missoes@medicosdecristo.com.br<\/p>\n<p style=\"text-align: center;\"><strong>Acesse <a href=\"https:\/\/medicosdecristo.com.br\/site\/oportunidades-para-servir\/\">Oportunidades para Servir<\/a><\/strong><\/p>\n","protected":false},"excerpt":{"rendered":"<p>Deus nos chama para servir, sendo instrumentos nas m\u00e3os do M\u00e9dico dos m\u00e9dicos. Por isso buscamos: Apoiar e desenvolver projetos com igrejas e organiza\u00e7\u00f5es parceiras nacionais<span class=\"excerpt-hellip\"> [\u2026]<\/span><\/p>\n","protected":false},"author":1,"featured_media":0,"parent":0,"menu_order":0,"comment_status":"closed","ping_status":"closed","template":"","meta":{"footnotes":""},"class_list":["post-310","page","type-page","status-publish","hentry"],"_links":{"self":[{"href":"https:\/\/medicosdecristo.com.br\/site\/wp-json\/wp\/v2\/pages\/310","targetHints":{"allow":["GET"]}}],"collection":[{"href":"https:\/\/medicosdecristo.com.br\/site\/wp-json\/wp\/v2\/pages"}],"about":[{"href":"https:\/\/medicosdecristo.com.br\/site\/wp-json\/wp\/v2\/types\/page"}],"author":[{"embeddable":true,"href":"https:\/\/medicosdecristo.com.br\/site\/wp-json\/wp\/v2\/users\/1"}],"replies":[{"embeddable":true,"href":"https:\/\/medicosdecristo.com.br\/site\/wp-json\/wp\/v2\/comments?post=310"}],"version-history":[{"count":11,"href":"https:\/\/medicosdecristo.com.br\/site\/wp-json\/wp\/v2\/pages\/310\/revisions"}],"predecessor-version":[{"id":2067,"href":"https:\/\/medicosdecristo.com.br\/site\/wp-json\/wp\/v2\/pages\/310\/revisions\/2067"}],"wp:attachment":[{"href":"https:\/\/medicosdecristo.com.br\/site\/wp-json\/wp\/v2\/media?parent=310"}],"curies":[{"name":"wp","href":"https:\/\/api.w.org\/{rel}","templated":true}]}}