{"id":312,"date":"2017-06-13T18:44:34","date_gmt":"2017-06-13T18:44:34","guid":{"rendered":"https:\/\/medicosdecristo.com.br\/site\/?page_id=312"},"modified":"2025-03-04T14:25:56","modified_gmt":"2025-03-04T17:25:56","slug":"gt-comunicacao","status":"publish","type":"page","link":"https:\/\/medicosdecristo.com.br\/site\/gt-comunicacao\/","title":{"rendered":"GT Comunica\u00e7\u00e3o"},"content":{"rendered":"<p>A Comunica\u00e7\u00e3o possibilita que a associa\u00e7\u00e3o esteja conectada internamente, com outras redes e com a sociedade.<\/p>\n<p>Por isso buscamos:<\/p>\n<ul>\n<li>Promover interc\u00e2mbio de informa\u00e7\u00f5es entre o grupo local e o nacional, gerando conte\u00fado para o Boletim Informativo do MDC e outras formas de divulga\u00e7\u00e3o.<\/li>\n<li>Contribuir com a atualiza\u00e7\u00e3o do site do MDC e gera\u00e7\u00e3o de conte\u00fado para os diversos canais de comunica\u00e7\u00e3o, buscando converg\u00eancia das redes sociais e capta\u00e7\u00e3o de mailing.<\/li>\n<li>Zelar pela din\u00e2mica dos grupos de mensagens instant\u00e2neas e outros canais de comunica\u00e7\u00e3o.<\/li>\n<li>Zelar pela imagem do MDC, observando as pol\u00edticas de utiliza\u00e7\u00e3o da marcar dispon\u00edvel no site.<\/li>\n<li>Cumprir a legisla\u00e7\u00e3o vigente na \u00e1rea da comunica\u00e7\u00e3o (Lei Geral de Prote\u00e7\u00e3o de Dados, uso de imagens, direitos autorais).<\/li>\n<li>Realizar reuni\u00f5es peri\u00f3dicas de trabalho entre os integrantes do GT.<\/li>\n<li>Participar de reuni\u00f5es de planejamento e monitoramento com a Diretoria.<\/li>\n<\/ul>\n<p><strong>Coordenadora Nacional:<\/strong> Nycole Soares<\/p>\n<p><strong>Vice-coordenadora Nacional:<\/strong> Amanda Menezes<\/p>\n","protected":false},"excerpt":{"rendered":"<p>A Comunica\u00e7\u00e3o possibilita que a associa\u00e7\u00e3o esteja conectada internamente, com outras redes e com a sociedade. Por isso buscamos: Promover interc\u00e2mbio de informa\u00e7\u00f5es entre o grupo<span class=\"excerpt-hellip\"> [\u2026]<\/span><\/p>\n","protected":false},"author":1,"featured_media":0,"parent":0,"menu_order":0,"comment_status":"closed","ping_status":"closed","template":"","meta":{"footnotes":""},"class_list":["post-312","page","type-page","status-publish","hentry"],"_links":{"self":[{"href":"https:\/\/medicosdecristo.com.br\/site\/wp-json\/wp\/v2\/pages\/312","targetHints":{"allow":["GET"]}}],"collection":[{"href":"https:\/\/medicosdecristo.com.br\/site\/wp-json\/wp\/v2\/pages"}],"about":[{"href":"https:\/\/medicosdecristo.com.br\/site\/wp-json\/wp\/v2\/types\/page"}],"author":[{"embeddable":true,"href":"https:\/\/medicosdecristo.com.br\/site\/wp-json\/wp\/v2\/users\/1"}],"replies":[{"embeddable":true,"href":"https:\/\/medicosdecristo.com.br\/site\/wp-json\/wp\/v2\/comments?post=312"}],"version-history":[{"count":7,"href":"https:\/\/medicosdecristo.com.br\/site\/wp-json\/wp\/v2\/pages\/312\/revisions"}],"predecessor-version":[{"id":2068,"href":"https:\/\/medicosdecristo.com.br\/site\/wp-json\/wp\/v2\/pages\/312\/revisions\/2068"}],"wp:attachment":[{"href":"https:\/\/medicosdecristo.com.br\/site\/wp-json\/wp\/v2\/media?parent=312"}],"curies":[{"name":"wp","href":"https:\/\/api.w.org\/{rel}","templated":true}]}}