{"id":316,"date":"2017-06-13T18:45:34","date_gmt":"2017-06-13T18:45:34","guid":{"rendered":"https:\/\/medicosdecristo.com.br\/site\/?page_id=316"},"modified":"2025-03-04T14:27:12","modified_gmt":"2025-03-04T17:27:12","slug":"gt-internacional","status":"publish","type":"page","link":"https:\/\/medicosdecristo.com.br\/site\/gt-internacional\/","title":{"rendered":"GT Internacional"},"content":{"rendered":"<p>As parcerias com associa\u00e7\u00f5es internacionais promovem o crescimento e fortalecimento coletivo.<\/p>\n<p>Por isso buscamos:<\/p>\n<ul>\n<li>Participar das atividades desenvolvidas pelas Organiza\u00e7\u00f5es Internacionais \u00e0s quais o MDC \u00e9 filiado (ICMDA e HCFI).<\/li>\n<li>Integrar o Colegiado de Pa\u00edses de L\u00edngua Portuguesa e a Associa\u00e7\u00e3o de Profissionais Crist\u00e3os da Sa\u00fade da Am\u00e9rica Latina fomentados pelo ICMDA.<\/li>\n<li>Fortalecer o grupo de tradutores do MDC.<\/li>\n<li>Contribuir para sele\u00e7\u00e3o de profissionais e estudantes que t\u00eam interesse em treinamentos promovidos pelos parceiros internacionais.<\/li>\n<li>Auxiliar o trabalho dos fieldworkers do ICMDA para Am\u00e9rica do Sul.<\/li>\n<li>Repassar informa\u00e7\u00f5es sobre eventos internacionais para divulga\u00e7\u00e3o.<\/li>\n<li>Integrar com GT de Miss\u00f5es em a\u00e7\u00f5es internacionais.<\/li>\n<li>Realizar reuni\u00f5es peri\u00f3dicas de trabalho entre os integrantes do GT.<\/li>\n<li>Participar de reuni\u00f5es de planejamento e monitoramento com a Diretoria.<\/li>\n<\/ul>\n<p><strong>Coordenadora Nacional:<\/strong> Mireille Gomes\/ MDC S\u00e3o Paulo &#8211; SP e MDC Santa Catarina &#8211; RS &#8211; E-mail: gomesmibr@gmail.com<\/p>\n<p><strong>Vice-coordenador Nacional:<\/strong> Gabriel Silveira<\/p>\n","protected":false},"excerpt":{"rendered":"<p>As parcerias com associa\u00e7\u00f5es internacionais promovem o crescimento e fortalecimento coletivo. Por isso buscamos: Participar das atividades desenvolvidas pelas Organiza\u00e7\u00f5es Internacionais \u00e0s quais o MDC \u00e9<span class=\"excerpt-hellip\"> [\u2026]<\/span><\/p>\n","protected":false},"author":1,"featured_media":0,"parent":0,"menu_order":0,"comment_status":"closed","ping_status":"closed","template":"","meta":{"footnotes":""},"class_list":["post-316","page","type-page","status-publish","hentry"],"_links":{"self":[{"href":"https:\/\/medicosdecristo.com.br\/site\/wp-json\/wp\/v2\/pages\/316","targetHints":{"allow":["GET"]}}],"collection":[{"href":"https:\/\/medicosdecristo.com.br\/site\/wp-json\/wp\/v2\/pages"}],"about":[{"href":"https:\/\/medicosdecristo.com.br\/site\/wp-json\/wp\/v2\/types\/page"}],"author":[{"embeddable":true,"href":"https:\/\/medicosdecristo.com.br\/site\/wp-json\/wp\/v2\/users\/1"}],"replies":[{"embeddable":true,"href":"https:\/\/medicosdecristo.com.br\/site\/wp-json\/wp\/v2\/comments?post=316"}],"version-history":[{"count":5,"href":"https:\/\/medicosdecristo.com.br\/site\/wp-json\/wp\/v2\/pages\/316\/revisions"}],"predecessor-version":[{"id":2069,"href":"https:\/\/medicosdecristo.com.br\/site\/wp-json\/wp\/v2\/pages\/316\/revisions\/2069"}],"wp:attachment":[{"href":"https:\/\/medicosdecristo.com.br\/site\/wp-json\/wp\/v2\/media?parent=316"}],"curies":[{"name":"wp","href":"https:\/\/api.w.org\/{rel}","templated":true}]}}