{"id":318,"date":"2017-06-13T18:48:22","date_gmt":"2017-06-13T18:48:22","guid":{"rendered":"https:\/\/medicosdecristo.com.br\/site\/?page_id=318"},"modified":"2023-10-16T20:01:21","modified_gmt":"2023-10-16T23:01:21","slug":"bioetica-2","status":"publish","type":"page","link":"https:\/\/medicosdecristo.com.br\/site\/bioetica-2\/","title":{"rendered":"GT Bio\u00e9tica"},"content":{"rendered":"<p>Diante dos conflitos do homem contempor\u00e2neo \u00e9 fundamental compreender os problemas relacionados \u00e0 vida humana e \u00e0 sa\u00fade \u00e0 luz da B\u00edblia.<\/p>\n<p>Por isso buscamos:<\/p>\n<ul>\n<li>Emitir parecer e posicionamentos do MDC sobre quest\u00f5es bio\u00e9ticas \u00e0 luz da B\u00edblia.<\/li>\n<li>Promover e apoiar discuss\u00f5es de temas bio\u00e9ticos sob a perspectiva crist\u00e3.<\/li>\n<li>Ser voz na sociedade em defesa da \u00e9tica e da autonomia profissional amparada pelos mais nobres ideais, considerando o respeito \u00e0 dignidade humana como elemento essencial \u00e0 profiss\u00e3o.<\/li>\n<li>Realizar reuni\u00f5es peri\u00f3dicas de trabalho entre os integrantes do GT.<\/li>\n<li>Participar de reuni\u00f5es de planejamento e monitoramento com a Diretoria.<\/li>\n<\/ul>\n<p><strong>Coordenador Nacional:<\/strong> H\u00e9lio Angotti Neto\/ MDC Bras\u00edlia &#8211; DF &#8211; E-mail: helioangotti@gmail.com<\/p>\n<p><strong>Vice-coordenadora Nacional:<\/strong> Bianca Sampaio Bonfim &#8211; E-mail: drabiancasampaio@gmail.com<\/p>\n","protected":false},"excerpt":{"rendered":"<p>Diante dos conflitos do homem contempor\u00e2neo \u00e9 fundamental compreender os problemas relacionados \u00e0 vida humana e \u00e0 sa\u00fade \u00e0 luz da B\u00edblia. Por isso buscamos: Emitir<span class=\"excerpt-hellip\"> [\u2026]<\/span><\/p>\n","protected":false},"author":1,"featured_media":0,"parent":0,"menu_order":0,"comment_status":"closed","ping_status":"closed","template":"","meta":{"footnotes":""},"class_list":["post-318","page","type-page","status-publish","hentry"],"_links":{"self":[{"href":"https:\/\/medicosdecristo.com.br\/site\/wp-json\/wp\/v2\/pages\/318","targetHints":{"allow":["GET"]}}],"collection":[{"href":"https:\/\/medicosdecristo.com.br\/site\/wp-json\/wp\/v2\/pages"}],"about":[{"href":"https:\/\/medicosdecristo.com.br\/site\/wp-json\/wp\/v2\/types\/page"}],"author":[{"embeddable":true,"href":"https:\/\/medicosdecristo.com.br\/site\/wp-json\/wp\/v2\/users\/1"}],"replies":[{"embeddable":true,"href":"https:\/\/medicosdecristo.com.br\/site\/wp-json\/wp\/v2\/comments?post=318"}],"version-history":[{"count":10,"href":"https:\/\/medicosdecristo.com.br\/site\/wp-json\/wp\/v2\/pages\/318\/revisions"}],"predecessor-version":[{"id":1779,"href":"https:\/\/medicosdecristo.com.br\/site\/wp-json\/wp\/v2\/pages\/318\/revisions\/1779"}],"wp:attachment":[{"href":"https:\/\/medicosdecristo.com.br\/site\/wp-json\/wp\/v2\/media?parent=318"}],"curies":[{"name":"wp","href":"https:\/\/api.w.org\/{rel}","templated":true}]}}