{"id":330,"date":"2017-06-13T19:10:27","date_gmt":"2017-06-13T19:10:27","guid":{"rendered":"https:\/\/medicosdecristo.com.br\/site\/?page_id=330"},"modified":"2017-06-13T19:10:27","modified_gmt":"2017-06-13T19:10:27","slug":"ore-pelo-mdc","status":"publish","type":"page","link":"https:\/\/medicosdecristo.com.br\/site\/ore-pelo-mdc\/","title":{"rendered":"Ore Pelo MDC"},"content":{"rendered":"<p>Uma forma com a qual voc\u00ea pode se envolver com os M\u00e9dicos de Cristo \u00e9 por meio da ora\u00e7\u00e3o. Cremos que todas as coisas est\u00e3o sob o dom\u00ednio de Deus. Dele \u00e9 o poder e a gl\u00f3ria, hoje e sempre. Por isso, voc\u00ea \u00e9 nosso(a)convidado(a) a se juntar a n\u00f3s em ora\u00e7\u00e3o. Encontre um lugar e um tempo para estar a s\u00f3s na presen\u00e7a de Deus. Leia a B\u00edblia para que, em um primeiro momento, Deus fale com voc\u00ea. Esteja atento para os direcionamentos do Esp\u00edrito Santo e, em seguida, comece a orar.<\/p>\n<p>Abaixo h\u00e1 alguns pedidos de ora\u00e7\u00e3o pelos M\u00e9dicos de Cristo. Ore na certeza que Deus est\u00e1 no controle da associa\u00e7\u00e3o.<\/p>\n<ul>\n<li>Pela lideran\u00e7a nacional e diretoria dos M\u00e9dicos de Cristo. Por discernimento e depend\u00eancia de Deus em cada uma das a\u00e7\u00f5es.<\/li>\n<li>Para que sejamos cada vez mais instrumentos nas m\u00e3os do M\u00e9dico dos m\u00e9dicos.<\/li>\n<li>Por cada membro dos M\u00e9dicos de Cristo e por aqueles que desejam se associar.<\/li>\n<li>Pelos grupos locais que est\u00e3o se formando e pelos o que j\u00e1 existem, para que se fortale\u00e7am no Senhor.<\/li>\n<li>Pelos eventos locais e nacionais. Para que Deus d\u00ea os direcionamentos \u00a0necess\u00e1rios para a lideran\u00e7a e para os participantes.<\/li>\n<li>Pela expans\u00e3o da associa\u00e7\u00e3o e pelos planos que est\u00e3o no cora\u00e7\u00e3o de cada l\u00edder, nacional ou local.<\/li>\n<\/ul>\n<p>Que Deus nos aben\u00e7oe.<\/p>\n","protected":false},"excerpt":{"rendered":"<p>Uma forma com a qual voc\u00ea pode se envolver com os M\u00e9dicos de Cristo \u00e9 por meio da ora\u00e7\u00e3o. Cremos que todas as coisas est\u00e3o sob<span class=\"excerpt-hellip\"> [\u2026]<\/span><\/p>\n","protected":false},"author":1,"featured_media":0,"parent":0,"menu_order":0,"comment_status":"closed","ping_status":"closed","template":"","meta":{"footnotes":""},"class_list":["post-330","page","type-page","status-publish","hentry"],"_links":{"self":[{"href":"https:\/\/medicosdecristo.com.br\/site\/wp-json\/wp\/v2\/pages\/330","targetHints":{"allow":["GET"]}}],"collection":[{"href":"https:\/\/medicosdecristo.com.br\/site\/wp-json\/wp\/v2\/pages"}],"about":[{"href":"https:\/\/medicosdecristo.com.br\/site\/wp-json\/wp\/v2\/types\/page"}],"author":[{"embeddable":true,"href":"https:\/\/medicosdecristo.com.br\/site\/wp-json\/wp\/v2\/users\/1"}],"replies":[{"embeddable":true,"href":"https:\/\/medicosdecristo.com.br\/site\/wp-json\/wp\/v2\/comments?post=330"}],"version-history":[{"count":1,"href":"https:\/\/medicosdecristo.com.br\/site\/wp-json\/wp\/v2\/pages\/330\/revisions"}],"predecessor-version":[{"id":331,"href":"https:\/\/medicosdecristo.com.br\/site\/wp-json\/wp\/v2\/pages\/330\/revisions\/331"}],"wp:attachment":[{"href":"https:\/\/medicosdecristo.com.br\/site\/wp-json\/wp\/v2\/media?parent=330"}],"curies":[{"name":"wp","href":"https:\/\/api.w.org\/{rel}","templated":true}]}}