{"id":338,"date":"2017-06-13T19:22:35","date_gmt":"2017-06-13T19:22:35","guid":{"rendered":"https:\/\/medicosdecristo.com.br\/site\/?page_id=338"},"modified":"2021-08-05T22:05:48","modified_gmt":"2021-08-06T01:05:48","slug":"politicas-de-utilizacao-da-marca","status":"publish","type":"page","link":"https:\/\/medicosdecristo.com.br\/site\/politicas-de-utilizacao-da-marca\/","title":{"rendered":"Pol\u00edticas de utiliza\u00e7\u00e3o da marca"},"content":{"rendered":"<p>A Associa\u00e7\u00e3o M\u00e9dicos de Cristo det\u00e9m a garantia da propriedade e do uso exclusivo em todo territ\u00f3rio nacional da marca \u201cM\u00e9dicos de Cristo\u201d, que se encontra registrada no INPI (Instituto Nacional de Propriedade Industrial), \u00f3rg\u00e3o vinculado ao Minist\u00e9rio da Ind\u00fastria, Com\u00e9rcio Exterior e Servi\u00e7os da Rep\u00fablica Federativa do Brasil.<\/p>\n<p>As diretrizes indicadas a seguir s\u00e3o para reger o uso da marca \u201cM\u00e9dicos de Cristo\u201d nas redes sociais, em quaisquer pe\u00e7as de divulga\u00e7\u00e3o e de propaganda, por parceiros, membros e demais interessados.<\/p>\n<p>\u00c9 permitido aos membros associados, parceiros e demais interessados, sob consulta pr\u00e9via, o uso da marca nas atividades que promovam M\u00e9dicos de Cristo e seus objetivos.<\/p>\n<p>\u00c9 importante destacar que, a partir da aprova\u00e7\u00e3o de utiliza\u00e7\u00e3o pela diretoria, o nome e a marca \u201cM\u00e9dicos de Cristo\u201d n\u00e3o podem ser desconfigurados ou alterados. As cores, o modelo e as dimens\u00f5es dos arquivos devem ser mantidos em sua totalidade, seguindo o &#8220;Manual de Utiliza\u00e7\u00e3o da Marca&#8221; dispon\u00edvel com a secretaria do MDC.<\/p>\n<p>N\u00e3o \u00e9 permitida a utiliza\u00e7\u00e3o da marca \u201cM\u00e9dicos de Cristo\u201d em receitu\u00e1rios, pe\u00e7as de vestu\u00e1rio, objetos, brindes em geral, vinculada a logotipos de qualquer organiza\u00e7\u00e3o ou empresa sem autoriza\u00e7\u00e3o pr\u00e9via.<\/p>\n<p>N\u00e3o \u00e9 autorizado o uso da marca \u201cM\u00e9dicos de Cristo\u201d em apoio a nenhuma atividade pol\u00edtico-partid\u00e1ria.<\/p>\n<p>O uso indevido ser\u00e1 considerado n\u00e3o-autorizado e estar\u00e1 sujeito \u00e0 ado\u00e7\u00e3o das medidas legais cab\u00edveis. Em caso de d\u00favidas ou qualquer suspeita de uso inadequado da marca \u201cM\u00e9dicos de Cristo\u201d, entrar em contato pelo email: <strong>contato@medicosdecristo.com.br<\/strong>.<\/p>\n<p><em>Elaborado em 05\/07\/2021.<\/em><\/p>\n","protected":false},"excerpt":{"rendered":"<p>A Associa\u00e7\u00e3o M\u00e9dicos de Cristo det\u00e9m a garantia da propriedade e do uso exclusivo em todo territ\u00f3rio nacional da marca \u201cM\u00e9dicos de Cristo\u201d, que se encontra<span class=\"excerpt-hellip\"> [\u2026]<\/span><\/p>\n","protected":false},"author":1,"featured_media":0,"parent":0,"menu_order":0,"comment_status":"closed","ping_status":"closed","template":"","meta":{"footnotes":""},"class_list":["post-338","page","type-page","status-publish","hentry"],"_links":{"self":[{"href":"https:\/\/medicosdecristo.com.br\/site\/wp-json\/wp\/v2\/pages\/338","targetHints":{"allow":["GET"]}}],"collection":[{"href":"https:\/\/medicosdecristo.com.br\/site\/wp-json\/wp\/v2\/pages"}],"about":[{"href":"https:\/\/medicosdecristo.com.br\/site\/wp-json\/wp\/v2\/types\/page"}],"author":[{"embeddable":true,"href":"https:\/\/medicosdecristo.com.br\/site\/wp-json\/wp\/v2\/users\/1"}],"replies":[{"embeddable":true,"href":"https:\/\/medicosdecristo.com.br\/site\/wp-json\/wp\/v2\/comments?post=338"}],"version-history":[{"count":5,"href":"https:\/\/medicosdecristo.com.br\/site\/wp-json\/wp\/v2\/pages\/338\/revisions"}],"predecessor-version":[{"id":1468,"href":"https:\/\/medicosdecristo.com.br\/site\/wp-json\/wp\/v2\/pages\/338\/revisions\/1468"}],"wp:attachment":[{"href":"https:\/\/medicosdecristo.com.br\/site\/wp-json\/wp\/v2\/media?parent=338"}],"curies":[{"name":"wp","href":"https:\/\/api.w.org\/{rel}","templated":true}]}}